{"id":2072,"date":"2018-08-06T19:14:45","date_gmt":"2018-08-06T19:14:45","guid":{"rendered":"https:\/\/new.lexplorers.pl\/?page_id=2072"},"modified":"2021-08-15T18:37:49","modified_gmt":"2021-08-15T18:37:49","slug":"legal-reservations","status":"publish","type":"page","link":"https:\/\/lexplorers.pl\/en\/legal-reservations\/","title":{"rendered":"Legal reservations"},"content":{"rendered":"<p>Materia\u0142y dost\u0119pne w niniejszym serwisie maj\u0105 charakter informacyjny i nie stanowi\u0105 porady ani opinii prawnej. O ile inaczej nie zastrze\u017cono, przydatno\u015b\u0107 tych materia\u0142\u00f3w dla ustalenia stanu prawnego w konkretnej sprawie jest wyra\u017anie wy\u0142\u0105czona.<\/p>\n<p>&nbsp;<\/p>\n<p>Korzystanie z tych materia\u0142\u00f3w wymaga zgody uprawnionych, poza wyj\u0105tkami okre\u015blonymi w powszechnie obowi\u0105zuj\u0105cych przepisach prawa takich jak dozwolony u\u017cytek w rozumieniu ustawy z dnia 4 lutego 1994 r. o prawie autorskim i prawach pokrewnych.<\/p>\n","protected":false},"excerpt":{"rendered":"<p>Materia\u0142y dost\u0119pne w niniejszym serwisie maj\u0105 charakter informacyjny i nie stanowi\u0105 porady ani opinii prawnej. O ile inaczej nie zastrze\u017cono, przydatno\u015b\u0107 tych materia\u0142\u00f3w dla ustalenia stanu prawnego w konkretnej sprawie jest wyra\u017anie wy\u0142\u0105czona. &nbsp; Korzystanie z tych materia\u0142\u00f3w wymaga zgody uprawnionych, poza wyj\u0105tkami okre\u015blonymi w powszechnie obowi\u0105zuj\u0105cych przepisach prawa takich jak dozwolony u\u017cytek w rozumieniu [&hellip;]<\/p>\n","protected":false},"author":48,"featured_media":0,"parent":0,"menu_order":0,"comment_status":"closed","ping_status":"closed","template":"","meta":{"_exactmetrics_skip_tracking":false,"_exactmetrics_sitenote_active":false,"_exactmetrics_sitenote_note":"","_exactmetrics_sitenote_category":0,"footnotes":""},"coauthors":[],"class_list":["post-2072","page","type-page","status-publish","hentry"],"acf":[],"yoast_head":"<!-- This site is optimized with the Yoast SEO plugin v21.5 - https:\/\/yoast.com\/wordpress\/plugins\/seo\/ -->\n<title>Legal reservations &#183; Lexplorers.pl<\/title>\n<meta name=\"robots\" content=\"index, follow, max-snippet:-1, max-image-preview:large, max-video-preview:-1\" \/>\n<link rel=\"canonical\" href=\"https:\/\/lexplorers.pl\/en\/legal-reservations\/\" \/>\n<meta property=\"og:locale\" content=\"en_US\" \/>\n<meta property=\"og:type\" content=\"article\" \/>\n<meta property=\"og:title\" content=\"Legal reservations &#183; Lexplorers.pl\" \/>\n<meta property=\"og:description\" content=\"Materia\u0142y dost\u0119pne w niniejszym serwisie maj\u0105 charakter informacyjny i nie stanowi\u0105 porady ani opinii prawnej. O ile inaczej nie zastrze\u017cono, przydatno\u015b\u0107 tych materia\u0142\u00f3w dla ustalenia stanu prawnego w konkretnej sprawie jest wyra\u017anie wy\u0142\u0105czona. &nbsp; Korzystanie z tych materia\u0142\u00f3w wymaga zgody uprawnionych, poza wyj\u0105tkami okre\u015blonymi w powszechnie obowi\u0105zuj\u0105cych przepisach prawa takich jak dozwolony u\u017cytek w rozumieniu [&hellip;]\" \/>\n<meta property=\"og:url\" content=\"https:\/\/lexplorers.pl\/en\/legal-reservations\/\" \/>\n<meta property=\"og:site_name\" content=\"Lexplorers.pl\" \/>\n<meta property=\"article:publisher\" content=\"https:\/\/www.facebook.com\/KancelariaGWW\" \/>\n<meta property=\"article:modified_time\" content=\"2021-08-15T18:37:49+00:00\" \/>\n<meta name=\"twitter:card\" content=\"summary_large_image\" \/>\n<meta name=\"twitter:label1\" content=\"Written by\" \/>\n\t<meta name=\"twitter:data1\" content=\"AdminGWW\" \/>\n<script type=\"application\/ld+json\" class=\"yoast-schema-graph\">{\"@context\":\"https:\/\/schema.org\",\"@graph\":[{\"@type\":\"WebPage\",\"@id\":\"https:\/\/lexplorers.pl\/en\/legal-reservations\/\",\"url\":\"https:\/\/lexplorers.pl\/en\/legal-reservations\/\",\"name\":\"Legal reservations &#183; Lexplorers.pl\",\"isPartOf\":{\"@id\":\"https:\/\/lexplorers.pl\/#website\"},\"datePublished\":\"2018-08-06T19:14:45+00:00\",\"dateModified\":\"2021-08-15T18:37:49+00:00\",\"breadcrumb\":{\"@id\":\"https:\/\/lexplorers.pl\/en\/legal-reservations\/#breadcrumb\"},\"inLanguage\":\"en-US\",\"potentialAction\":[{\"@type\":\"ReadAction\",\"target\":[\"https:\/\/lexplorers.pl\/en\/legal-reservations\/\"]}]},{\"@type\":\"BreadcrumbList\",\"@id\":\"https:\/\/lexplorers.pl\/en\/legal-reservations\/#breadcrumb\",\"itemListElement\":[{\"@type\":\"ListItem\",\"position\":1,\"name\":\"Home\",\"item\":\"https:\/\/lexplorers.pl\/en\/\"},{\"@type\":\"ListItem\",\"position\":2,\"name\":\"Legal reservations\"}]},{\"@type\":\"WebSite\",\"@id\":\"https:\/\/lexplorers.pl\/#website\",\"url\":\"https:\/\/lexplorers.pl\/\",\"name\":\"Lexplorers.pl\",\"description\":\"Miejsce stworzone przez nas z my\u015bl\u0105 o Twoich potrzebach.\",\"potentialAction\":[{\"@type\":\"SearchAction\",\"target\":{\"@type\":\"EntryPoint\",\"urlTemplate\":\"https:\/\/lexplorers.pl\/?s={search_term_string}\"},\"query-input\":\"required name=search_term_string\"}],\"inLanguage\":\"en-US\"}]}<\/script>\n<!-- \/ Yoast SEO plugin. -->","yoast_head_json":{"title":"Legal reservations &#183; Lexplorers.pl","robots":{"index":"index","follow":"follow","max-snippet":"max-snippet:-1","max-image-preview":"max-image-preview:large","max-video-preview":"max-video-preview:-1"},"canonical":"https:\/\/lexplorers.pl\/en\/legal-reservations\/","og_locale":"en_US","og_type":"article","og_title":"Legal reservations &#183; Lexplorers.pl","og_description":"Materia\u0142y dost\u0119pne w niniejszym serwisie maj\u0105 charakter informacyjny i nie stanowi\u0105 porady ani opinii prawnej. O ile inaczej nie zastrze\u017cono, przydatno\u015b\u0107 tych materia\u0142\u00f3w dla ustalenia stanu prawnego w konkretnej sprawie jest wyra\u017anie wy\u0142\u0105czona. &nbsp; Korzystanie z tych materia\u0142\u00f3w wymaga zgody uprawnionych, poza wyj\u0105tkami okre\u015blonymi w powszechnie obowi\u0105zuj\u0105cych przepisach prawa takich jak dozwolony u\u017cytek w rozumieniu [&hellip;]","og_url":"https:\/\/lexplorers.pl\/en\/legal-reservations\/","og_site_name":"Lexplorers.pl","article_publisher":"https:\/\/www.facebook.com\/KancelariaGWW","article_modified_time":"2021-08-15T18:37:49+00:00","twitter_card":"summary_large_image","twitter_misc":{"Written by":"AdminGWW"},"schema":{"@context":"https:\/\/schema.org","@graph":[{"@type":"WebPage","@id":"https:\/\/lexplorers.pl\/en\/legal-reservations\/","url":"https:\/\/lexplorers.pl\/en\/legal-reservations\/","name":"Legal reservations &#183; Lexplorers.pl","isPartOf":{"@id":"https:\/\/lexplorers.pl\/#website"},"datePublished":"2018-08-06T19:14:45+00:00","dateModified":"2021-08-15T18:37:49+00:00","breadcrumb":{"@id":"https:\/\/lexplorers.pl\/en\/legal-reservations\/#breadcrumb"},"inLanguage":"en-US","potentialAction":[{"@type":"ReadAction","target":["https:\/\/lexplorers.pl\/en\/legal-reservations\/"]}]},{"@type":"BreadcrumbList","@id":"https:\/\/lexplorers.pl\/en\/legal-reservations\/#breadcrumb","itemListElement":[{"@type":"ListItem","position":1,"name":"Home","item":"https:\/\/lexplorers.pl\/en\/"},{"@type":"ListItem","position":2,"name":"Legal reservations"}]},{"@type":"WebSite","@id":"https:\/\/lexplorers.pl\/#website","url":"https:\/\/lexplorers.pl\/","name":"Lexplorers.pl","description":"Miejsce stworzone przez nas z my\u015bl\u0105 o Twoich potrzebach.","potentialAction":[{"@type":"SearchAction","target":{"@type":"EntryPoint","urlTemplate":"https:\/\/lexplorers.pl\/?s={search_term_string}"},"query-input":"required name=search_term_string"}],"inLanguage":"en-US"}]}},"_links":{"self":[{"href":"https:\/\/lexplorers.pl\/en\/wp-json\/wp\/v2\/pages\/2072","targetHints":{"allow":["GET"]}}],"collection":[{"href":"https:\/\/lexplorers.pl\/en\/wp-json\/wp\/v2\/pages"}],"about":[{"href":"https:\/\/lexplorers.pl\/en\/wp-json\/wp\/v2\/types\/page"}],"author":[{"embeddable":true,"href":"https:\/\/lexplorers.pl\/en\/wp-json\/wp\/v2\/users\/48"}],"replies":[{"embeddable":true,"href":"https:\/\/lexplorers.pl\/en\/wp-json\/wp\/v2\/comments?post=2072"}],"version-history":[{"count":2,"href":"https:\/\/lexplorers.pl\/en\/wp-json\/wp\/v2\/pages\/2072\/revisions"}],"predecessor-version":[{"id":3166,"href":"https:\/\/lexplorers.pl\/en\/wp-json\/wp\/v2\/pages\/2072\/revisions\/3166"}],"wp:attachment":[{"href":"https:\/\/lexplorers.pl\/en\/wp-json\/wp\/v2\/media?parent=2072"}],"wp:term":[{"taxonomy":"author","embeddable":true,"href":"https:\/\/lexplorers.pl\/en\/wp-json\/wp\/v2\/coauthors?post=2072"}],"curies":[{"name":"wp","href":"https:\/\/api.w.org\/{rel}","templated":true}]}}